{"id":7,"date":"2018-07-25T13:52:29","date_gmt":"2018-07-25T13:52:29","guid":{"rendered":"http:\/\/mathbook.me\/?page_id=7"},"modified":"2018-08-29T13:07:10","modified_gmt":"2018-08-29T13:07:10","slug":"contact","status":"publish","type":"page","link":"https:\/\/www.mathbook.de\/index.php\/contact\/","title":{"rendered":"Contact"},"content":{"rendered":"<p>Dipl.-Chem. Wolfgang K\u00fcckelhaus<br \/>\nIttertalstr. 15<br \/>\n42781 Haan<\/p>\n<p>Telefon \/ E-Mail<br \/>\nTel:+49 (0)2129-377588<br \/>\nFax:+49 (0)2129-377535<br \/>\nE-Mail: wolfgang.kueckelhaus@t-online.de<\/p>\n<p>Mobil: 0151-58793631<\/p>\n<p>Alle Informationen auf dieser Webseite k\u00f6nnen technische Ungenauigkeiten oder typografische Fehler enthalten. Weiterhin k\u00f6nnen sich die Daten von Zeit zu Zeit ohne Vorank\u00fcndigung \u00e4ndern.<\/p>\n<p>Es werden alle Anstrengungen unternommen, um die Webseite ohne St\u00f6rung zu betrieben. Jedoch haften wir nicht und \u00fcbernehmen keine Verantwortung daf\u00fcr, falls die Webseite vor\u00fcbergehend nicht verf\u00fcgbar ist.<\/p>\n<p>DIESES IMPRESSUM KANN SICH OHNE ANK\u00dcNDIGUNG \u00c4NDERN.<\/p>\n<p><strong>Haftung f\u00fcr Inhalte<\/strong><br \/>\nDie Inhalte unserer Seiten wurden mit gr\u00f6\u00dfter Sorgfalt erstellt. F\u00fcr die Richtigkeit, Vollst\u00e4ndigkeit und Aktualit\u00e4t der Inhalte k\u00f6nnen wir jedoch keine Gew\u00e4hr \u00fcbernehmen. Als Diensteanbieter sind wir gem\u00e4\u00df \u00a7 7 Abs.1 TMG f\u00fcr eigene Inhalte auf diesen Seiten nach den allgemeinen Gesetzen verantwortlich. Nach \u00a7\u00a7 8 bis 10 TMG sind wir als Diensteanbieter jedoch nicht verpflichtet, \u00fcbermittelte oder gespeicherte fremde Informationen zu \u00fcberwachen oder nach Umst\u00e4nden zu forschen, die auf eine rechtswidrige T\u00e4tigkeit hinweisen. Verpflichtungen zur Entfernung oder Sperrung der Nutzung von Informationen nach den allgemeinen Gesetzen bleiben hiervon unber\u00fchrt. Eine diesbez\u00fcgliche Haftung ist jedoch erst ab dem Zeitpunkt der Kenntnis einer konkreten Rechtsverletzung m\u00f6glich. Bei Bekanntwerden von entsprechenden Rechtsverletzungen werden wir diese Inhalte umgehend entfernen.<\/p>\n<p><strong>Haftung f\u00fcr Links<\/strong><br \/>\nUnser Angebot enth\u00e4lt Links zu externen Webseiten Dritter, auf deren Inhalte wir keinen Einfluss haben. Deshalb k\u00f6nnen wir f\u00fcr diese fremden Inhalte auch keine Gew\u00e4hr \u00fcbernehmen. F\u00fcr die Inhalte der verlinkten Seiten ist stets der jeweilige Anbieter oder Betreiber der Seiten verantwortlich. Die verlinkten Seiten wurden zum Zeitpunkt der Verlinkung auf m\u00f6gliche Rechtsverst\u00f6\u00dfe \u00fcberpr\u00fcft. Rechtswidrige Inhalte waren zum Zeitpunkt der Verlinkung nicht erkennbar. Eine permanente inhaltliche Kontrolle der verlinkten Seiten ist jedoch ohne konkrete Anhaltspunkte einer Rechtsverletzung nicht zumutbar. Bei bekannt werden von Rechtsverletzungen werden wir derartige Links umgehend entfernen.<\/p>\n<p><strong>Urheberrecht<\/strong><br \/>\nDie durch die Seitenbetreiber erstellten Inhalte und Werke auf diesen Seiten unterliegen dem deutschen Urheberrecht. Beitr\u00e4ge Dritter sind als solche gekennzeichnet. Die Vervielf\u00e4ltigung, Bearbeitung, Verbreitung und jede Art der Verwertung au\u00dferhalb der Grenzen des Urheberrechtes und der gew\u00e4hrten Nutzungsrechte bed\u00fcrfen der schriftlichen Zustimmung des jeweiligen Autors bzw. Erstellers. Downloads und Kopien dieser Seite sind nur f\u00fcr den privaten Gebrauch gestattet. Die Betreiber der Seiten sind bem\u00fcht, stets die Urheberrechte anderer zu beachten bzw. auf selbst erstellte sowie lizenzfreie Werke zur\u00fcckzugreifen.<\/p>\n<p><strong>Datenschutz<\/strong><br \/>\nSoweit auf unseren Seiten personenbezogene Daten (beispielsweise Name, Anschrift oder eMail-Adressen) erhoben werden, erfolgt dies soweit m\u00f6glich stets auf freiwilliger Basis. Die Nutzung der Angebote und Dienste ist, soweit m\u00f6glich, stets ohne Angabe personenbezogener Daten m\u00f6glich. Wir weisen darauf hin, dass die Daten\u00fcbertragung im Internet (zum Beispiel bei der Kommunikation per E-Mail) Sicherheitsl\u00fccken aufweisen kann. Ein l\u00fcckenloser Schutz der Daten vor dem Zugriff durch Dritte ist nicht m\u00f6glich.<br \/>\nDiese Webseite benutzt Tools zur Analyse des Besucherverhaltens. Diese Daten werden anonym erhoben, um die Webseite und die Webdienste weiter zu verbessern. Durch die Nutzung der Webseite erkl\u00e4ren Sie sich damit einverstanden.<\/p>\n","protected":false},"excerpt":{"rendered":"<p>Dipl.-Chem. Wolfgang K\u00fcckelhaus Ittertalstr. 15 42781 Haan Telefon \/ E-Mail Tel:+49 (0)2129-377588 Fax:+49 (0)2129-377535 E-Mail: wolfgang.kueckelhaus@t-online.de Mobil: 0151-58793631 Alle Informationen auf dieser Webseite k\u00f6nnen technische Ungenauigkeiten oder typografische Fehler enthalten. Weiterhin k\u00f6nnen sich die Daten von Zeit zu Zeit ohne Vorank\u00fcndigung \u00e4ndern. Es werden alle Anstrengungen unternommen, um die Webseite ohne St\u00f6rung zu betrieben. Jedoch &#8230; <a title=\"Contact\" class=\"read-more\" href=\"https:\/\/www.mathbook.de\/index.php\/contact\/\" aria-label=\"More on Contact\">Read more<\/a><\/p>\n","protected":false},"author":1,"featured_media":0,"parent":0,"menu_order":0,"comment_status":"closed","ping_status":"closed","template":"","meta":[],"_links":{"self":[{"href":"https:\/\/www.mathbook.de\/index.php\/wp-json\/wp\/v2\/pages\/7"}],"collection":[{"href":"https:\/\/www.mathbook.de\/index.php\/wp-json\/wp\/v2\/pages"}],"about":[{"href":"https:\/\/www.mathbook.de\/index.php\/wp-json\/wp\/v2\/types\/page"}],"author":[{"embeddable":true,"href":"https:\/\/www.mathbook.de\/index.php\/wp-json\/wp\/v2\/users\/1"}],"replies":[{"embeddable":true,"href":"https:\/\/www.mathbook.de\/index.php\/wp-json\/wp\/v2\/comments?post=7"}],"version-history":[{"count":4,"href":"https:\/\/www.mathbook.de\/index.php\/wp-json\/wp\/v2\/pages\/7\/revisions"}],"predecessor-version":[{"id":2273,"href":"https:\/\/www.mathbook.de\/index.php\/wp-json\/wp\/v2\/pages\/7\/revisions\/2273"}],"wp:attachment":[{"href":"https:\/\/www.mathbook.de\/index.php\/wp-json\/wp\/v2\/media?parent=7"}],"curies":[{"name":"wp","href":"https:\/\/api.w.org\/{rel}","templated":true}]}}