{"id":190,"date":"2018-08-01T11:55:17","date_gmt":"2018-08-01T11:55:17","guid":{"rendered":"http:\/\/www.mathbook.de\/?page_id=190"},"modified":"2018-08-28T10:01:01","modified_gmt":"2018-08-28T10:01:01","slug":"kopfrechnen","status":"publish","type":"page","link":"https:\/\/www.mathbook.de\/index.php\/kopfrechnen\/","title":{"rendered":"Kopfrechnen"},"content":{"rendered":"<p>Viele Menschen besitzen ein grundlegendes Wissen zum Thema Kopfrechnen, das sie in der Schule erworben haben. Normalerweise umfasst dieses Wissen das Ausf\u00fchren einfacher Additions- und Subtraktionsaufgaben, das auswendig gelernte kleine Einmaleins und das Dividieren. Die F\u00e4higkeit, im Kopf zu rechnen, kann trainiert werden.<\/p>\n<p>Nur selten werden Techniken zum allgemeinen Kopfrechnen angeboten. Dieses Gebiet umfasst normalerweise alle Funktionen, die ein durchschnittlicher Schultaschenrechner beherrschen muss, sowie die Wochentagsberechnung.<\/p>\n<p><strong>Kopfrechen-Methoden - unabh\u00e4ngig von der Art der Rechenaufgabe<\/strong><\/p>\n<p>Die Methoden f\u00fcr das Kopfrechnen erleichtern das L\u00f6sen schwieriger Aufgaben. Sie ber\u00fccksichtigen insbesondere:<\/p>\n<li>Die meisten Menschen k\u00f6nnen sich nicht mehr als ca. 7 Ziffern auf Anhieb merken (Millersche Zahl).<\/li>\n<li>Es ist schwierig, ein Zwischenergebnis \u00fcber l\u00e4ngere Zeit im Kopf zu behalten, w\u00e4hrend man andere Teilrechnungen durchf\u00fchrt.<\/li>\n<li>Es ist schwieriger mit gro\u00dfen Ziffern (7,8,9) zu rechnen als mit kleinen Ziffern (2,3,4).<\/li>\n<p><!br><br \/>\nDie Methoden sind so gestaltet, dass:<\/p>\n<li>ein komplexer Rechenschritt in mehrere einfachere Schritte aufgeteilt wird,<\/li>\n<li>die Reihenfolge der Rechenschritte das Ged\u00e4chtnis so gering wie m\u00f6glich belastet,<\/li>\n<li>fr\u00fchzeitig eine gute N\u00e4herungsl\u00f6sung erzielt wird.<\/li>\n<p><\/br><br \/>\nIm Folgenden werden wichtige Rechenmethoden erkl\u00e4rt. Die Sortierung erfolgt nach der Rechenart und der Breite der Anwendbarkeit. Allgemein verwendbare Methoden werden zuerst erkl\u00e4rt. Am Ende stehen Methoden, bei denen ein Operand eine bestimmte Zahl ist.<\/p>\n<p>Quelle: <a href=\"https:\/\/de.wikipedia.org\/wiki\/Kopfrechnen\" target=\"blank\">www.wikipedia.de<\/a><\/p>\n","protected":false},"excerpt":{"rendered":"<p>Viele Menschen besitzen ein grundlegendes Wissen zum Thema Kopfrechnen, das sie in der Schule erworben haben. Normalerweise umfasst dieses Wissen das Ausf\u00fchren einfacher Additions- und Subtraktionsaufgaben, das auswendig gelernte kleine Einmaleins und das Dividieren. Die F\u00e4higkeit, im Kopf zu rechnen, kann trainiert werden. Nur selten werden Techniken zum allgemeinen Kopfrechnen angeboten. Dieses Gebiet umfasst normalerweise &#8230; <a title=\"Kopfrechnen\" class=\"read-more\" href=\"https:\/\/www.mathbook.de\/index.php\/kopfrechnen\/\" aria-label=\"More on Kopfrechnen\">Read more<\/a><\/p>\n","protected":false},"author":1,"featured_media":0,"parent":0,"menu_order":0,"comment_status":"closed","ping_status":"closed","template":"","meta":[],"_links":{"self":[{"href":"https:\/\/www.mathbook.de\/index.php\/wp-json\/wp\/v2\/pages\/190"}],"collection":[{"href":"https:\/\/www.mathbook.de\/index.php\/wp-json\/wp\/v2\/pages"}],"about":[{"href":"https:\/\/www.mathbook.de\/index.php\/wp-json\/wp\/v2\/types\/page"}],"author":[{"embeddable":true,"href":"https:\/\/www.mathbook.de\/index.php\/wp-json\/wp\/v2\/users\/1"}],"replies":[{"embeddable":true,"href":"https:\/\/www.mathbook.de\/index.php\/wp-json\/wp\/v2\/comments?post=190"}],"version-history":[{"count":7,"href":"https:\/\/www.mathbook.de\/index.php\/wp-json\/wp\/v2\/pages\/190\/revisions"}],"predecessor-version":[{"id":2194,"href":"https:\/\/www.mathbook.de\/index.php\/wp-json\/wp\/v2\/pages\/190\/revisions\/2194"}],"wp:attachment":[{"href":"https:\/\/www.mathbook.de\/index.php\/wp-json\/wp\/v2\/media?parent=190"}],"curies":[{"name":"wp","href":"https:\/\/api.w.org\/{rel}","templated":true}]}}