{"id":1361,"date":"2018-08-12T07:10:55","date_gmt":"2018-08-12T07:10:55","guid":{"rendered":"http:\/\/www.mathbook.de\/?page_id=1361"},"modified":"2018-08-30T09:27:34","modified_gmt":"2018-08-30T09:27:34","slug":"klasse-13","status":"publish","type":"page","link":"https:\/\/www.mathbook.de\/index.php\/klasse-13\/","title":{"rendered":"Klasse 13"},"content":{"rendered":"<p><strong>Themen\u00fcbersicht<\/strong><\/p>\n<li><a href=\"https:\/\/www.mathbook.de\/index.php\/abstande-und-winkel\/\">Abst\u00e4nde und Winkel<\/a><\/li>\n<li><a href=\"https:\/\/www.mathbook.de\/index.php\/wahrscheinlichkeit-statistik\/\">Wahrscheinlichkeit - Statistik<\/a><\/li>\n<li><a href=\"https:\/\/www.mathbook.de\/index.php\/stetige-zufallsgroessen-normalverteilung\/\">Stetige Zufallsgr\u00f6\u00dfen - Normalverteilung<\/a><\/li>\n<li><a href=\"https:\/\/www.mathbook.de\/index.php\/stochastische-prozesse\/\">Stochastische Prozesse<\/a><\/li>\n","protected":false},"excerpt":{"rendered":"<p>Themen\u00fcbersicht Abst\u00e4nde und Winkel Wahrscheinlichkeit &#8211; Statistik Stetige Zufallsgr\u00f6\u00dfen &#8211; Normalverteilung Stochastische Prozesse<\/p>\n","protected":false},"author":1,"featured_media":0,"parent":0,"menu_order":0,"comment_status":"closed","ping_status":"closed","template":"","meta":[],"_links":{"self":[{"href":"https:\/\/www.mathbook.de\/index.php\/wp-json\/wp\/v2\/pages\/1361"}],"collection":[{"href":"https:\/\/www.mathbook.de\/index.php\/wp-json\/wp\/v2\/pages"}],"about":[{"href":"https:\/\/www.mathbook.de\/index.php\/wp-json\/wp\/v2\/types\/page"}],"author":[{"embeddable":true,"href":"https:\/\/www.mathbook.de\/index.php\/wp-json\/wp\/v2\/users\/1"}],"replies":[{"embeddable":true,"href":"https:\/\/www.mathbook.de\/index.php\/wp-json\/wp\/v2\/comments?post=1361"}],"version-history":[{"count":4,"href":"https:\/\/www.mathbook.de\/index.php\/wp-json\/wp\/v2\/pages\/1361\/revisions"}],"predecessor-version":[{"id":2341,"href":"https:\/\/www.mathbook.de\/index.php\/wp-json\/wp\/v2\/pages\/1361\/revisions\/2341"}],"wp:attachment":[{"href":"https:\/\/www.mathbook.de\/index.php\/wp-json\/wp\/v2\/media?parent=1361"}],"curies":[{"name":"wp","href":"https:\/\/api.w.org\/{rel}","templated":true}]}}