{"id":1244,"date":"2018-08-12T06:42:31","date_gmt":"2018-08-12T06:42:31","guid":{"rendered":"http:\/\/www.mathbook.de\/?page_id=1244"},"modified":"2018-08-30T09:30:13","modified_gmt":"2018-08-30T09:30:13","slug":"klasse-9-2","status":"publish","type":"page","link":"https:\/\/www.mathbook.de\/index.php\/klasse-9-2\/","title":{"rendered":"Klasse 9"},"content":{"rendered":"<p><strong>Themen\u00fcbersicht<\/strong><\/p>\n<li><a href=\"https:\/\/www.mathbook.de\/index.php\/lineare-gleichungssysteme\/\">Lineare Gleichnungssysteme<\/a><\/li>\n<li><a href=\"https:\/\/www.mathbook.de\/index.php\/reelle-zahlen\/\">Reelle Zahlen und der Satz des Pythagoras<\/a><\/li>\n<li><a href=\"https:\/\/www.mathbook.de\/index.php\/ahnlichkeit-und-strahlensatze\/\">\u00c4hnlichkeit und der Strahlensatz<\/a><\/li>\n<li><a href=\"https:\/\/www.mathbook.de\/index.php\/kreis-und-kreisteile\/\">Kreis und Kreisteile<\/a><\/li>\n<li><a href=\"https:\/\/www.mathbook.de\/index.php\/korper-2\/\">K\u00f6rper<\/a><\/li>\n<li><a href=\"https:\/\/www.mathbook.de\/index.php\/funktionen\/\">Funktionen<\/a><\/li>\n<li><a href=\"https:\/\/www.mathbook.de\/index.php\/wahrscheinlichkeit\/\">Wahrscheinlichkeit<\/a><\/li>\n<li><a href=\"https:\/\/www.mathbook.de\/index.php\/bruchgleichungen\/\">Bruchgleichungen<\/a><\/li>\n","protected":false},"excerpt":{"rendered":"<p>Themen\u00fcbersicht Lineare Gleichnungssysteme Reelle Zahlen und der Satz des Pythagoras \u00c4hnlichkeit und der Strahlensatz Kreis und Kreisteile K\u00f6rper Funktionen Wahrscheinlichkeit Bruchgleichungen<\/p>\n","protected":false},"author":1,"featured_media":0,"parent":0,"menu_order":0,"comment_status":"closed","ping_status":"closed","template":"","meta":[],"_links":{"self":[{"href":"https:\/\/www.mathbook.de\/index.php\/wp-json\/wp\/v2\/pages\/1244"}],"collection":[{"href":"https:\/\/www.mathbook.de\/index.php\/wp-json\/wp\/v2\/pages"}],"about":[{"href":"https:\/\/www.mathbook.de\/index.php\/wp-json\/wp\/v2\/types\/page"}],"author":[{"embeddable":true,"href":"https:\/\/www.mathbook.de\/index.php\/wp-json\/wp\/v2\/users\/1"}],"replies":[{"embeddable":true,"href":"https:\/\/www.mathbook.de\/index.php\/wp-json\/wp\/v2\/comments?post=1244"}],"version-history":[{"count":6,"href":"https:\/\/www.mathbook.de\/index.php\/wp-json\/wp\/v2\/pages\/1244\/revisions"}],"predecessor-version":[{"id":2342,"href":"https:\/\/www.mathbook.de\/index.php\/wp-json\/wp\/v2\/pages\/1244\/revisions\/2342"}],"wp:attachment":[{"href":"https:\/\/www.mathbook.de\/index.php\/wp-json\/wp\/v2\/media?parent=1244"}],"curies":[{"name":"wp","href":"https:\/\/api.w.org\/{rel}","templated":true}]}}