{"id":1071,"date":"2018-08-11T16:36:32","date_gmt":"2018-08-11T16:36:32","guid":{"rendered":"http:\/\/www.mathbook.de\/?page_id=1071"},"modified":"2020-12-24T10:00:36","modified_gmt":"2020-12-24T10:00:36","slug":"klasse-5","status":"publish","type":"page","link":"https:\/\/www.mathbook.de\/index.php\/klasse-5\/","title":{"rendered":"Klasse 5"},"content":{"rendered":"\n<p><strong>Themen\u00fcbersicht<\/strong><\/p>\n\n\n\n<ul><li><a href=\"https:\/\/www.mathbook.de\/index.php\/zahlen\/\">Zahlen<\/a><\/li><li><a href=\"https:\/\/www.mathbook.de\/index.php\/addition-und-subtraktion\/\">Addition und Subtraktion<\/a><\/li><li><a href=\"https:\/\/www.mathbook.de\/index.php\/anfange-der-geometrie\/\">Zeichentechniken<\/a><\/li><li><a href=\"https:\/\/www.mathbook.de\/index.php\/multiplikation-und-division\/\">Multiplikation und Division<\/a><\/li><li><a href=\"https:\/\/www.mathbook.de\/index.php\/grosen\/\">Gr\u00f6\u00dfen<\/a><\/li><li><a href=\"https:\/\/www.mathbook.de\/index.php\/flachen\/\">Fl\u00e4chen<\/a><\/li><li><a href=\"https:\/\/www.mathbook.de\/index.php\/bruchteile\/\">Bruchteile<\/a><\/li><\/ul>\n","protected":false},"excerpt":{"rendered":"<p>Themen\u00fcbersicht Zahlen Addition und Subtraktion Zeichentechniken Multiplikation und Division Gr\u00f6\u00dfen Fl\u00e4chen Bruchteile<\/p>\n","protected":false},"author":1,"featured_media":0,"parent":0,"menu_order":0,"comment_status":"closed","ping_status":"closed","template":"","meta":[],"_links":{"self":[{"href":"https:\/\/www.mathbook.de\/index.php\/wp-json\/wp\/v2\/pages\/1071"}],"collection":[{"href":"https:\/\/www.mathbook.de\/index.php\/wp-json\/wp\/v2\/pages"}],"about":[{"href":"https:\/\/www.mathbook.de\/index.php\/wp-json\/wp\/v2\/types\/page"}],"author":[{"embeddable":true,"href":"https:\/\/www.mathbook.de\/index.php\/wp-json\/wp\/v2\/users\/1"}],"replies":[{"embeddable":true,"href":"https:\/\/www.mathbook.de\/index.php\/wp-json\/wp\/v2\/comments?post=1071"}],"version-history":[{"count":5,"href":"https:\/\/www.mathbook.de\/index.php\/wp-json\/wp\/v2\/pages\/1071\/revisions"}],"predecessor-version":[{"id":2410,"href":"https:\/\/www.mathbook.de\/index.php\/wp-json\/wp\/v2\/pages\/1071\/revisions\/2410"}],"wp:attachment":[{"href":"https:\/\/www.mathbook.de\/index.php\/wp-json\/wp\/v2\/media?parent=1071"}],"curies":[{"name":"wp","href":"https:\/\/api.w.org\/{rel}","templated":true}]}}